{"id":20954,"date":"2024-07-01T11:11:24","date_gmt":"2024-07-01T11:11:24","guid":{"rendered":"https:\/\/dummy.xtemos.com\/woodmart2\/gutenberg\/?page_id=20954"},"modified":"2025-12-09T09:57:59","modified_gmt":"2025-12-09T09:57:59","slug":"home-landing","status":"publish","type":"page","link":"https:\/\/elated-banzai.62-138-0-210.plesk.page\/","title":{"rendered":"Home Landing"},"content":{"rendered":"\t\t<div data-elementor-type=\"wp-page\" data-elementor-id=\"20954\" class=\"elementor elementor-20954\">\n\t\t\t\t\t\t<section class=\"wd-negative-gap elementor-section elementor-top-section elementor-element elementor-element-22f6c2d8 wd-section-stretch elementor-section-boxed elementor-section-height-default elementor-section-height-default\" data-id=\"22f6c2d8\" data-element_type=\"section\" data-settings=\"{&quot;background_background&quot;:&quot;classic&quot;}\">\n\t\t\t\t\t\t<div class=\"elementor-container elementor-column-gap-default\">\n\t\t\t\t\t<div class=\"elementor-column elementor-col-100 elementor-top-column elementor-element elementor-element-6cfe5e16\" data-id=\"6cfe5e16\" data-element_type=\"column\">\n\t\t\t<div class=\"elementor-widget-wrap elementor-element-populated\">\n\t\t\t\t\t\t<div class=\"elementor-element elementor-element-77affbb3 wd-width-100 elementor-widget elementor-widget-wd_title\" data-id=\"77affbb3\" data-element_type=\"widget\" data-widget_type=\"wd_title.default\">\n\t\t\t\t<div class=\"elementor-widget-container\">\n\t\t\t\t\t\t\t<div class=\"title-wrapper wd-set-mb reset-last-child wd-title-color-white wd-title-style-default wd-title-size-default text-center\">\n\n\t\t\t\n\t\t\t<div class=\"liner-continer\">\n\t\t\t\t<h4 class=\"woodmart-title-container title wd-fontsize-l\">La Tua Merce. La Nostra Strada<\/h4> \n\t\t\t\t\t\t\t<\/div>\n\n\t\t\t\t\t\t\t<div class=\"title-after_title reset-last-child wd-fontsize-xs\">\n\t\t\t\t\t<p>Soluzioni di trasporto rapide e sicure, pensate per ogni tua esigenza logistica<\/p>\t\t\t\t<\/div>\n\t\t\t\t\t<\/div>\n\t\t\t\t\t\t<\/div>\n\t\t\t\t<\/div>\n\t\t\t\t<div class=\"elementor-element elementor-element-2d4de465 elementor-widget elementor-widget-wd_popup\" data-id=\"2d4de465\" data-element_type=\"widget\" data-widget_type=\"wd_popup.default\">\n\t\t\t\t<div class=\"elementor-widget-container\">\n\t\t\t\t\t\t\t\t\t<div class=\"wd-button-wrapper text-center\" >\n\t\t\t<a class=\"btn btn-style-link btn-shape- btn-size-extra-large wd-open-popup btn-color-white btn-icon-pos-right\"  href=\"#contact-form-popup\">\n\t\t\t\t<span class=\"wd-btn-text\" data-elementor-setting-key=\"text\">\n\t\t\t\t\tCONTATTACI\t\t\t\t<\/span>\n\n\t\t\t\t\t\t\t<\/a>\n\t\t<\/div>\n\t\t\t\t\t\t\t<div id=\"contact-form-popup\" class=\"wd-popup wd-popup-element wd-entry-content mfp-hide\" style=\"--wd-popup-width:900px;\">\n\t\t\t\t\t\t\t<\/div>\n\t\t\t\t\t\t\t\t<\/div>\n\t\t\t\t<\/div>\n\t\t\t\t\t<\/div>\n\t\t<\/div>\n\t\t\t\t\t<\/div>\n\t\t<\/section>\n\t\t<div class=\"wd-negative-gap elementor-element elementor-element-8bfc43c e-flex e-con-boxed e-con e-parent\" data-id=\"8bfc43c\" data-element_type=\"container\">\n\t\t\t\t\t<div class=\"e-con-inner\">\n\t\t\t\t<div class=\"elementor-element elementor-element-4e5bdb5 elementor-widget elementor-widget-menu-anchor\" data-id=\"4e5bdb5\" data-element_type=\"widget\" data-widget_type=\"menu-anchor.default\">\n\t\t\t\t\t\t\t<div class=\"elementor-menu-anchor\" id=\"chisiamo\"><\/div>\n\t\t\t\t\t\t<\/div>\n\t\t\t\t\t<\/div>\n\t\t\t\t<\/div>\n\t\t\t\t<section class=\"wd-negative-gap elementor-section elementor-top-section elementor-element elementor-element-37905e13 elementor-section-content-middle wd-section-stretch-content elementor-section-boxed elementor-section-height-default elementor-section-height-default\" data-id=\"37905e13\" data-element_type=\"section\">\n\t\t\t\t\t\t<div class=\"elementor-container elementor-column-gap-default\">\n\t\t\t\t\t<div class=\"elementor-column elementor-col-50 elementor-top-column elementor-element elementor-element-60cc5e4e\" data-id=\"60cc5e4e\" data-element_type=\"column\">\n\t\t\t<div class=\"elementor-widget-wrap elementor-element-populated\">\n\t\t\t\t\t\t<div class=\"elementor-element elementor-element-6ff9389 elementor-widget elementor-widget-wd_image_or_svg\" data-id=\"6ff9389\" data-element_type=\"widget\" data-widget_type=\"wd_image_or_svg.default\">\n\t\t\t\t<div class=\"elementor-widget-container\">\n\t\t\t\t\t\n\t\t<div class=\"wd-image text-center\">\n\t\t\t\t\t\t\t\t<img fetchpriority=\"high\" decoding=\"async\" width=\"1344\" height=\"768\" src=\"https:\/\/elated-banzai.62-138-0-210.plesk.page\/wp-content\/uploads\/2025\/12\/a42f10cc-f4dc-4fdc-b6c3-25d46f568aec.webp\" class=\"attachment-full size-full\" alt=\"\" srcset=\"https:\/\/elated-banzai.62-138-0-210.plesk.page\/wp-content\/uploads\/2025\/12\/a42f10cc-f4dc-4fdc-b6c3-25d46f568aec.webp 1344w, https:\/\/elated-banzai.62-138-0-210.plesk.page\/wp-content\/uploads\/2025\/12\/a42f10cc-f4dc-4fdc-b6c3-25d46f568aec-400x229.webp 400w, https:\/\/elated-banzai.62-138-0-210.plesk.page\/wp-content\/uploads\/2025\/12\/a42f10cc-f4dc-4fdc-b6c3-25d46f568aec-1300x743.webp 1300w, https:\/\/elated-banzai.62-138-0-210.plesk.page\/wp-content\/uploads\/2025\/12\/a42f10cc-f4dc-4fdc-b6c3-25d46f568aec-768x439.webp 768w, https:\/\/elated-banzai.62-138-0-210.plesk.page\/wp-content\/uploads\/2025\/12\/a42f10cc-f4dc-4fdc-b6c3-25d46f568aec-430x246.webp 430w, https:\/\/elated-banzai.62-138-0-210.plesk.page\/wp-content\/uploads\/2025\/12\/a42f10cc-f4dc-4fdc-b6c3-25d46f568aec-700x400.webp 700w, https:\/\/elated-banzai.62-138-0-210.plesk.page\/wp-content\/uploads\/2025\/12\/a42f10cc-f4dc-4fdc-b6c3-25d46f568aec-150x86.webp 150w\" sizes=\"(max-width: 1344px) 100vw, 1344px\" \/>\t\t\t\t\t<\/div>\n\n\t\t\t\t\t\t<\/div>\n\t\t\t\t<\/div>\n\t\t\t\t\t<\/div>\n\t\t<\/div>\n\t\t\t\t<div class=\"elementor-column elementor-col-50 elementor-top-column elementor-element elementor-element-11961bba\" data-id=\"11961bba\" data-element_type=\"column\">\n\t\t\t<div class=\"elementor-widget-wrap elementor-element-populated\">\n\t\t\t\t\t\t<div class=\"elementor-element elementor-element-615fef7c wd-width-100 elementor-widget elementor-widget-wd_title\" data-id=\"615fef7c\" data-element_type=\"widget\" data-widget_type=\"wd_title.default\">\n\t\t\t\t<div class=\"elementor-widget-container\">\n\t\t\t\t\t\t\t<div class=\"title-wrapper wd-set-mb reset-last-child wd-title-color-default wd-title-style-default wd-title-size-default text-center\">\n\n\t\t\t\n\t\t\t<div class=\"liner-continer\">\n\t\t\t\t<h4 class=\"woodmart-title-container title wd-fontsize-l wd-underline-colored\">DURANTE  <u> FAUSTO <\/u> AUTOTRASPORTI<\/h4> \n\t\t\t\t\t\t\t<\/div>\n\n\t\t\t\t\t<\/div>\n\t\t\t\t\t\t<\/div>\n\t\t\t\t<\/div>\n\t\t\t\t<div class=\"elementor-element elementor-element-47bdaa36 elementor-widget elementor-widget-wd_text_block\" data-id=\"47bdaa36\" data-element_type=\"widget\" data-widget_type=\"wd_text_block.default\">\n\t\t\t\t<div class=\"elementor-widget-container\">\n\t\t\t\t\t\t\t<div class=\"wd-text-block reset-last-child text-center\">\n\t\t\t\n\t\t\t<p>L\u2019azienda \u00e8 a gestione familiare ci\u00f2 permette di avere un rapporto con i clienti disponibile, flessibile ed adattabile a qualsiasi tipo di esigenza e collaborazione. Costituita da uno staff selezionato e qualificato, si basa su un ventennio di esperienza ma con uno sguardo sempre proiettato nel futuro. Professionalit\u00e0, efficienza e precisione sono i presupposti per soddisfare le esigenze della clientela, e ci\u00f2 che ci fa affrontare al meglio le responsabilit\u00e0 legate al fatto di essere un anello di congiunzione nell\u2019esigente e complicato sistema degli scambi.<br \/>L\u2019azienda \u00e9 nata nel 1984, fondata dal sig. Durante Fausto che a seguito di una lunga esperienza nel settore, acquisita lavorando per altre aziende, decide di mettersi in proprio. Inizialmente era costituita da un solo veicolo, ma grazie all\u2019attenzione per le esigenze del cliente, ad un servizio efficiente, affidabile, qualificato e sicuro, hanno permesso nel corso degli anni di incrementare notevolmente il numero dei veicoli e l\u2019area lavorativa.<\/p>\n\t\t\t\t\t<\/div>\n\t\t\t\t\t\t<\/div>\n\t\t\t\t<\/div>\n\t\t\t\t\t<\/div>\n\t\t<\/div>\n\t\t\t\t\t<\/div>\n\t\t<\/section>\n\t\t\t\t<section class=\"wd-negative-gap elementor-section elementor-top-section elementor-element elementor-element-5c7b308f elementor-section-boxed elementor-section-height-default elementor-section-height-default\" data-id=\"5c7b308f\" data-element_type=\"section\">\n\t\t\t\t\t\t<div class=\"elementor-container elementor-column-gap-default\">\n\t\t\t\t\t<div class=\"elementor-column elementor-col-33 elementor-top-column elementor-element elementor-element-4570a54c\" data-id=\"4570a54c\" data-element_type=\"column\">\n\t\t\t<div class=\"elementor-widget-wrap elementor-element-populated\">\n\t\t\t\t\t\t<div class=\"elementor-element elementor-element-30dc0db2 elementor-widget elementor-widget-wd_image_or_svg\" data-id=\"30dc0db2\" data-element_type=\"widget\" data-widget_type=\"wd_image_or_svg.default\">\n\t\t\t\t<div class=\"elementor-widget-container\">\n\t\t\t\t\t\n\t\t<div class=\"wd-image text-left\">\n\t\t\t\t\t\t\t\t<img decoding=\"async\" width=\"768\" height=\"1344\" src=\"https:\/\/elated-banzai.62-138-0-210.plesk.page\/wp-content\/uploads\/2025\/12\/024.png\" class=\"attachment-full size-full\" alt=\"\" srcset=\"https:\/\/elated-banzai.62-138-0-210.plesk.page\/wp-content\/uploads\/2025\/12\/024.png 768w, https:\/\/elated-banzai.62-138-0-210.plesk.page\/wp-content\/uploads\/2025\/12\/024-171x300.png 171w, https:\/\/elated-banzai.62-138-0-210.plesk.page\/wp-content\/uploads\/2025\/12\/024-457x800.png 457w, https:\/\/elated-banzai.62-138-0-210.plesk.page\/wp-content\/uploads\/2025\/12\/024-430x753.png 430w, https:\/\/elated-banzai.62-138-0-210.plesk.page\/wp-content\/uploads\/2025\/12\/024-700x1225.png 700w, https:\/\/elated-banzai.62-138-0-210.plesk.page\/wp-content\/uploads\/2025\/12\/024-150x263.png 150w\" sizes=\"(max-width: 768px) 100vw, 768px\" \/>\t\t\t\t\t<\/div>\n\n\t\t\t\t\t\t<\/div>\n\t\t\t\t<\/div>\n\t\t\t\t\t<\/div>\n\t\t<\/div>\n\t\t\t\t<div class=\"elementor-column elementor-col-66 elementor-top-column elementor-element elementor-element-55ab6bcf\" data-id=\"55ab6bcf\" data-element_type=\"column\">\n\t\t\t<div class=\"elementor-widget-wrap elementor-element-populated\">\n\t\t\t\t\t\t<div class=\"elementor-element elementor-element-9b0a058 wd-width-100 elementor-widget elementor-widget-wd_title\" data-id=\"9b0a058\" data-element_type=\"widget\" data-widget_type=\"wd_title.default\">\n\t\t\t\t<div class=\"elementor-widget-container\">\n\t\t\t\t\t\t\t<div class=\"title-wrapper wd-set-mb reset-last-child wd-title-color-primary wd-title-style-default wd-title-size-default text-left\">\n\n\t\t\t\t\t\t\t\t\t\t\t<div class=\"title-subtitle subtitle-color-primary subtitle-style-default wd-fontsize-xs\">\n\t\t\t\t\tDURANTE TRASPORTI\t\t\t\t<\/div>\n\t\t\t\n\t\t\t<div class=\"liner-continer\">\n\t\t\t\t<h4 class=\"woodmart-title-container title wd-fontsize-l\">Affidabilit\u00e0 che muove il tuo business<\/h4> \n\t\t\t\t\t\t\t<\/div>\n\n\t\t\t\t\t<\/div>\n\t\t\t\t\t\t<\/div>\n\t\t\t\t<\/div>\n\t\t\t\t<div class=\"elementor-element elementor-element-1663e512 elementor-widget elementor-widget-wd_text_block\" data-id=\"1663e512\" data-element_type=\"widget\" data-widget_type=\"wd_text_block.default\">\n\t\t\t\t<div class=\"elementor-widget-container\">\n\t\t\t\t\t\t\t<div class=\"wd-text-block reset-last-child text-left\">\n\t\t\t\n\t\t\t<p data-start=\"255\" data-end=\"638\"><strong data-start=\"255\" data-end=\"463\">Da oltre una generazione, Durante Trasporti rappresenta un punto di riferimento nel settore dell\u2019autotrasporto, offrendo soluzioni logistiche efficienti, sicure e su misura per aziende di ogni dimensione.<\/strong> Siamo specializzati nel trasporto nazionale e internazionale, garantendo puntualit\u00e0, attenzione al dettaglio e una gestione impeccabile delle merci, dal carico alla consegna.<\/p><p data-start=\"640\" data-end=\"975\">Grazie a un parco mezzi moderno e costantemente aggiornato, a un team altamente qualificato e a processi operativi certificati, trasformiamo ogni spedizione in un\u2019esperienza senza pensieri. La nostra priorit\u00e0 \u00e8 costruire rapporti solidi e duraturi con i clienti, basati su trasparenza, comunicazione costante e massima professionalit\u00e0.<\/p><p data-start=\"977\" data-end=\"1246\">Con Durante Trasporti scegli un partner affidabile, capace di rispondere rapidamente alle tue esigenze logistiche e di accompagnare la crescita del tuo business con soluzioni flessibili, innovative e competitive. Quando la tua merce deve arrivare, noi ci siamo. Sempre.<\/p>\n\t\t\t\t\t<\/div>\n\t\t\t\t\t\t<\/div>\n\t\t\t\t<\/div>\n\t\t\t\t<div class=\"elementor-element elementor-element-151c5253 elementor-widget elementor-widget-wd_button\" data-id=\"151c5253\" data-element_type=\"widget\" data-widget_type=\"wd_button.default\">\n\t\t\t\t<div class=\"elementor-widget-container\">\n\t\t\t\t\t\t\t<div class=\"wd-button-wrapper text-left\" >\n\t\t\t<a class=\"btn btn-style-default btn-shape-rectangle btn-size-default btn-color-primary btn-icon-pos-right\"  href=\"#\">\n\t\t\t\t<span class=\"wd-btn-text\" data-elementor-setting-key=\"text\">\n\t\t\t\t\tContattaci\t\t\t\t<\/span>\n\n\t\t\t\t\t\t\t<\/a>\n\t\t<\/div>\n\t\t\t\t\t\t<\/div>\n\t\t\t\t<\/div>\n\t\t\t\t\t<\/div>\n\t\t<\/div>\n\t\t\t\t\t<\/div>\n\t\t<\/section>\n\t\t<div class=\"wd-negative-gap elementor-element elementor-element-e665c52 e-flex e-con-boxed e-con e-parent\" data-id=\"e665c52\" data-element_type=\"container\">\n\t\t\t\t\t<div class=\"e-con-inner\">\n\t\t\t\t<div class=\"elementor-element elementor-element-ac1d16e elementor-widget elementor-widget-menu-anchor\" data-id=\"ac1d16e\" data-element_type=\"widget\" data-widget_type=\"menu-anchor.default\">\n\t\t\t\t\t\t\t<div class=\"elementor-menu-anchor\" id=\"contatti\"><\/div>\n\t\t\t\t\t\t<\/div>\n\t\t\t\t\t<\/div>\n\t\t\t\t<\/div>\n\t\t<div class=\"wd-negative-gap elementor-element elementor-element-27164033 wd-section-stretch e-flex e-con-boxed e-con e-parent\" data-id=\"27164033\" data-element_type=\"container\" data-settings=\"{&quot;background_background&quot;:&quot;classic&quot;}\">\n\t\t\t\t\t<div class=\"e-con-inner\">\n\t\t<div class=\"elementor-element elementor-element-67c8edf7 e-con-full color-scheme-light e-flex e-con e-child\" data-id=\"67c8edf7\" data-element_type=\"container\">\n\t\t\t\t<div class=\"elementor-element elementor-element-49e87001 elementor-widget elementor-widget-wd_extra_menu_list\" data-id=\"49e87001\" data-element_type=\"widget\" data-widget_type=\"wd_extra_menu_list.default\">\n\t\t\t\t<div class=\"elementor-widget-container\">\n\t\t\t\t\t\t\t\t<ul class=\"wd-sub-menu wd-sub-accented  mega-menu-list\">\n\t\t\t\t<li class=\"item-with-label item-label-primary\">\n\t\t\t\t\t\t\t\t\t\t\t<a >\n\t\t\t\t\t\t\t\t\t\t\t\t\t\t\t\t\t\t\t\t\t\t\n\t\t\t\t\t\t\t\t\t\t\t\t\t\t\tCONTATTI\t\t\t\t\t\t\t\n\t\t\t\t\t\t\t\t\t\t\t\t\t<\/a>\n\t\t\t\t\t\n\t\t\t\t\t<ul class=\"sub-sub-menu\">\n\t\t\t\t\t\t\t\t\t\t\t\t\t\n\t\t\t\t\t\t\t<li class=\"item-with-label item-label-primary\">\n\t\t\t\t\t\t\t\t<a  href=\"tel:+393358036536\">\n\t\t\t\t\t\t\t\t\t\t\t\t\t\t\t\t\t\t\t\t\t\t\t\t\t\t\t\t\n\t\t\t\t\t\t\t\t\t\t\t\t\t\t\t\t\t\t\tTelefono\t\t\t\t\t\t\t\t\t\n\t\t\t\t\t\t\t\t\t\t\t\t\t\t\t\t\t<\/a>\n\t\t\t\t\t\t\t<\/li>\n\t\t\t\t\t\t\t\t\t\t\t\t\t\n\t\t\t\t\t\t\t<li class=\"item-with-label item-label-primary\">\n\t\t\t\t\t\t\t\t<a  href=\"https:\/\/wa.me\/393358036536?text=Ciao,+vorrei+avere+pi\u00f9+informazioni\">\n\t\t\t\t\t\t\t\t\t\t\t\t\t\t\t\t\t\t\t\t\t\t\t\t\t\t\t\t\n\t\t\t\t\t\t\t\t\t\t\t\t\t\t\t\t\t\t\tWhatsapp\t\t\t\t\t\t\t\t\t\n\t\t\t\t\t\t\t\t\t\t\t\t\t\t\t\t\t<\/a>\n\t\t\t\t\t\t\t<\/li>\n\t\t\t\t\t\t\t\t\t\t\t\t\t\n\t\t\t\t\t\t\t<li class=\"item-with-label item-label-primary\">\n\t\t\t\t\t\t\t\t<a  href=\"mailto:%20info@autotrasportidurante.it?subject=Richiesta+informazioni&#038;body=Salve,+vorrei+sapere+\">\n\t\t\t\t\t\t\t\t\t\t\t\t\t\t\t\t\t\t\t\t\t\t\t\t\t\t\t\t\n\t\t\t\t\t\t\t\t\t\t\t\t\t\t\t\t\t\t\tEmail\t\t\t\t\t\t\t\t\t\n\t\t\t\t\t\t\t\t\t\t\t\t\t\t\t\t\t<\/a>\n\t\t\t\t\t\t\t<\/li>\n\t\t\t\t\t\t\t\t\t\t\t<\/ul>\n\t\t\t\t<\/li>\n\t\t\t<\/ul>\n\t\t\t\t\t\t<\/div>\n\t\t\t\t<\/div>\n\t\t\t\t<\/div>\n\t\t<div class=\"elementor-element elementor-element-5a14bbe e-con-full color-scheme-dark e-flex e-con e-child\" data-id=\"5a14bbe\" data-element_type=\"container\" data-settings=\"{&quot;background_background&quot;:&quot;classic&quot;}\">\n\t\t\t\t<div class=\"elementor-element elementor-element-3d16eeee elementor-widget elementor-widget-wd_image_or_svg\" data-id=\"3d16eeee\" data-element_type=\"widget\" data-widget_type=\"wd_image_or_svg.default\">\n\t\t\t\t<div class=\"elementor-widget-container\">\n\t\t\t\t\t\n\t\t<div class=\"wd-image text-left\">\n\t\t\t\t\t\t\t\t<img loading=\"lazy\" decoding=\"async\"  src=\"https:\/\/elated-banzai.62-138-0-210.plesk.page\/wp-content\/uploads\/2025\/12\/hs-mail.svg\" title=\"hs-mail.svg\" loading=\"lazy\" width=\"46\" height=\"46\">\t\t\t\t\t<\/div>\n\n\t\t\t\t\t\t<\/div>\n\t\t\t\t<\/div>\n\t\t\t\t<div class=\"elementor-element elementor-element-e532cbc wd-width-100 elementor-widget elementor-widget-wd_title\" data-id=\"e532cbc\" data-element_type=\"widget\" data-widget_type=\"wd_title.default\">\n\t\t\t\t<div class=\"elementor-widget-container\">\n\t\t\t\t\t\t\t<div class=\"title-wrapper wd-set-mb reset-last-child wd-title-color-default wd-title-style-default wd-title-size-default text-left\">\n\n\t\t\t\n\t\t\t<div class=\"liner-continer\">\n\t\t\t\t<h4 class=\"woodmart-title-container title wd-fontsize-l\">Stiamo aspettando le tue domande!<\/h4> \n\t\t\t\t\t\t\t<\/div>\n\n\t\t\t\t\t\t\t<div class=\"title-after_title reset-last-child wd-fontsize-xs\">\n\t\t\t\t\t<p>Siamo sempre a tua disposizione, sentiti libero di comunicare con il nostro team.<\/p>\u00a0\u00a0\u00a0\t\t\t\t<\/div>\n\t\t\t\t\t<\/div>\n\t\t\t\t\t\t<\/div>\n\t\t\t\t<\/div>\n\t\t\t\t<div class=\"elementor-element elementor-element-58f3ff3f elementor-widget elementor-widget-wd_popup\" data-id=\"58f3ff3f\" data-element_type=\"widget\" data-widget_type=\"wd_popup.default\">\n\t\t\t\t<div class=\"elementor-widget-container\">\n\t\t\t\t\t\t\t\t\t<div class=\"wd-button-wrapper text-center\" >\n\t\t\t<a class=\"btn btn-style-default btn-shape-rectangle btn-size-extra-large wd-open-popup btn-color-primary btn-icon-pos-right\"  href=\"#popup-67d1a50044c5c\">\n\t\t\t\t<span class=\"wd-btn-text\" data-elementor-setting-key=\"text\">\n\t\t\t\t\tFai una domanda.\t\t\t\t<\/span>\n\n\t\t\t\t\t\t\t<\/a>\n\t\t<\/div>\n\t\t\t\t\t\t\t<div id=\"popup-67d1a50044c5c\" class=\"wd-popup wd-popup-element wd-entry-content mfp-hide\" style=\"--wd-popup-width:900px;padding:0px;\">\n\t\t\t\t\t\t\t<link rel=\"stylesheet\" id=\"elementor-post-88-css\" href=\"https:\/\/elated-banzai.62-138-0-210.plesk.page\/wp-content\/uploads\/elementor\/css\/post-88.css?ver=1765222939\" type=\"text\/css\" media=\"all\">\n\t\t\t\t\t<div data-elementor-type=\"wp-post\" data-elementor-id=\"88\" class=\"elementor elementor-88\">\n\t\t\t\t<div class=\"wd-negative-gap elementor-element elementor-element-f61dd8c e-flex e-con-boxed e-con e-parent\" data-id=\"f61dd8c\" data-element_type=\"container\">\n\t\t\t\t\t<div class=\"e-con-inner\">\n\t\t\t\t<div class=\"elementor-element elementor-element-58e56c1 wd-cf7 elementor-widget elementor-widget-wd_contact_form_7\" data-id=\"58e56c1\" data-element_type=\"widget\" data-widget_type=\"wd_contact_form_7.default\">\n\t\t\t\t<div class=\"elementor-widget-container\">\n\t\t\t\t\t\n<div class=\"wpcf7 no-js\" id=\"wpcf7-f13-o1\" lang=\"it-IT\" dir=\"ltr\" data-wpcf7-id=\"13\">\n<div class=\"screen-reader-response\"><p role=\"status\" aria-live=\"polite\" aria-atomic=\"true\"><\/p> <ul><\/ul><\/div>\n<form action=\"\/index.php\/wp-json\/wp\/v2\/pages\/20954#wpcf7-f13-o1\" method=\"post\" class=\"wpcf7-form init\" aria-label=\"Modulo di contatto\" novalidate=\"novalidate\" data-status=\"init\">\n<fieldset class=\"hidden-fields-container\"><input type=\"hidden\" name=\"_wpcf7\" value=\"13\" \/><input type=\"hidden\" name=\"_wpcf7_version\" value=\"6.1.4\" \/><input type=\"hidden\" name=\"_wpcf7_locale\" value=\"it_IT\" \/><input type=\"hidden\" name=\"_wpcf7_unit_tag\" value=\"wpcf7-f13-o1\" \/><input type=\"hidden\" name=\"_wpcf7_container_post\" value=\"0\" \/><input type=\"hidden\" name=\"_wpcf7_posted_data_hash\" value=\"\" \/>\n<\/fieldset>\n<p><label> Il tuo nome<br \/>\n<span class=\"wpcf7-form-control-wrap\" data-name=\"your-name\"><input size=\"40\" maxlength=\"400\" class=\"wpcf7-form-control wpcf7-text wpcf7-validates-as-required\" autocomplete=\"name\" aria-required=\"true\" aria-invalid=\"false\" value=\"\" type=\"text\" name=\"your-name\" \/><\/span> <\/label>\n<\/p>\n<p><label> La tua email<br \/>\n<span class=\"wpcf7-form-control-wrap\" data-name=\"your-email\"><input size=\"40\" maxlength=\"400\" class=\"wpcf7-form-control wpcf7-email wpcf7-validates-as-required wpcf7-text wpcf7-validates-as-email\" autocomplete=\"email\" aria-required=\"true\" aria-invalid=\"false\" value=\"\" type=\"email\" name=\"your-email\" \/><\/span> <\/label>\n<\/p>\n<p><label> Oggetto<br \/>\n<span class=\"wpcf7-form-control-wrap\" data-name=\"your-subject\"><input size=\"40\" maxlength=\"400\" class=\"wpcf7-form-control wpcf7-text wpcf7-validates-as-required\" aria-required=\"true\" aria-invalid=\"false\" value=\"\" type=\"text\" name=\"your-subject\" \/><\/span> <\/label>\n<\/p>\n<p><label> Il tuo messaggio (facoltativo)<br \/>\n<span class=\"wpcf7-form-control-wrap\" data-name=\"your-message\"><textarea cols=\"40\" rows=\"10\" maxlength=\"2000\" class=\"wpcf7-form-control wpcf7-textarea\" aria-invalid=\"false\" name=\"your-message\"><\/textarea><\/span> <\/label>\n<\/p>\n<p><input class=\"wpcf7-form-control wpcf7-submit has-spinner\" type=\"submit\" value=\"Invia\" \/>\n<\/p><div class=\"wpcf7-response-output\" aria-hidden=\"true\"><\/div>\n<\/form>\n<\/div>\n\t\t\t\t<\/div>\n\t\t\t\t<\/div>\n\t\t\t\t\t<\/div>\n\t\t\t\t<\/div>\n\t\t\t\t<\/div>\n\t\t\t\t\t<\/div>\n\t\t\t\t\t\t\t\t<\/div>\n\t\t\t\t<\/div>\n\t\t\t\t<\/div>\n\t\t\t\t\t<\/div>\n\t\t\t\t<\/div>\n\t\t\t\t<section class=\"wd-negative-gap elementor-section elementor-top-section elementor-element elementor-element-6985b5cf elementor-section-boxed elementor-section-height-default elementor-section-height-default\" data-id=\"6985b5cf\" data-element_type=\"section\">\n\t\t\t\t\t\t<div class=\"elementor-container elementor-column-gap-extended\">\n\t\t\t\t\t<div class=\"elementor-column elementor-col-100 elementor-top-column elementor-element elementor-element-641b9e5\" data-id=\"641b9e5\" data-element_type=\"column\">\n\t\t\t<div class=\"elementor-widget-wrap elementor-element-populated\">\n\t\t\t\t\t\t<div class=\"elementor-element elementor-element-bc144c0 elementor-widget elementor-widget-google_maps\" data-id=\"bc144c0\" data-element_type=\"widget\" data-widget_type=\"google_maps.default\">\n\t\t\t\t\t\t\t<div class=\"elementor-custom-embed\">\n\t\t\t<iframe loading=\"lazy\"\n\t\t\t\t\tsrc=\"https:\/\/maps.google.com\/maps?q=Via%20S.Rocco%20n%C2%B0%2093%20-%20CUSIGNANA%20DI%20GIAVERA%20%28TV%29&#038;t=m&#038;z=10&#038;output=embed&#038;iwloc=near\"\n\t\t\t\t\ttitle=\"Via S.Rocco n\u00b0 93 - CUSIGNANA DI GIAVERA (TV)\"\n\t\t\t\t\taria-label=\"Via S.Rocco n\u00b0 93 - CUSIGNANA DI GIAVERA (TV)\"\n\t\t\t><\/iframe>\n\t\t<\/div>\n\t\t\t\t\t\t<\/div>\n\t\t\t\t\t<\/div>\n\t\t<\/div>\n\t\t\t\t\t<\/div>\n\t\t<\/section>\n\t\t\t\t<\/div>\n\t\t","protected":false},"excerpt":{"rendered":"<p>La Tua Merce. La Nostra Strada Soluzioni di trasporto rapide e sicure, pensate per ogni tua esigenza logistica CONTATTACI SEND<\/p>\n","protected":false},"author":1,"featured_media":0,"parent":0,"menu_order":0,"comment_status":"closed","ping_status":"closed","template":"","meta":{"footnotes":""},"class_list":["post-20954","page","type-page","status-publish","hentry"],"_links":{"self":[{"href":"https:\/\/elated-banzai.62-138-0-210.plesk.page\/index.php\/wp-json\/wp\/v2\/pages\/20954","targetHints":{"allow":["GET"]}}],"collection":[{"href":"https:\/\/elated-banzai.62-138-0-210.plesk.page\/index.php\/wp-json\/wp\/v2\/pages"}],"about":[{"href":"https:\/\/elated-banzai.62-138-0-210.plesk.page\/index.php\/wp-json\/wp\/v2\/types\/page"}],"author":[{"embeddable":true,"href":"https:\/\/elated-banzai.62-138-0-210.plesk.page\/index.php\/wp-json\/wp\/v2\/users\/1"}],"replies":[{"embeddable":true,"href":"https:\/\/elated-banzai.62-138-0-210.plesk.page\/index.php\/wp-json\/wp\/v2\/comments?post=20954"}],"version-history":[{"count":55,"href":"https:\/\/elated-banzai.62-138-0-210.plesk.page\/index.php\/wp-json\/wp\/v2\/pages\/20954\/revisions"}],"predecessor-version":[{"id":36994,"href":"https:\/\/elated-banzai.62-138-0-210.plesk.page\/index.php\/wp-json\/wp\/v2\/pages\/20954\/revisions\/36994"}],"wp:attachment":[{"href":"https:\/\/elated-banzai.62-138-0-210.plesk.page\/index.php\/wp-json\/wp\/v2\/media?parent=20954"}],"curies":[{"name":"wp","href":"https:\/\/api.w.org\/{rel}","templated":true}]}}